{"id":91,"date":"2024-04-11T17:31:59","date_gmt":"2024-04-11T15:31:59","guid":{"rendered":"http:\/\/www.euscheid.de\/?page_id=91"},"modified":"2024-04-11T17:41:57","modified_gmt":"2024-04-11T15:41:57","slug":"wappen","status":"publish","type":"page","link":"http:\/\/www.euscheid.de\/?page_id=91","title":{"rendered":"Wappen"},"content":{"rendered":"<div class=\"wp-block-image\">\n<figure class=\"alignright size-full\"><img loading=\"lazy\" decoding=\"async\" width=\"120\" height=\"137\" src=\"http:\/\/www.euscheid.de\/wp-content\/uploads\/2024\/04\/Wappen_120_147.gif\" alt=\"Wappen der Ortsgemeinde Euscheid\" class=\"wp-image-80\" title=\"Wappen der Ortsgemeinde Euscheid\"\/><\/figure>\n<\/div>\n\n\n<p><strong><u>BLASONIERUNG:<\/u><\/strong><\/p>\n\n\n\n<p>Gespalten von Gr\u00fcn und Blau durch eingeschweifte silberne Spitze, darin enthalten rote Eiche mit schwarzen Fruchtst\u00e4nden, vorn goldene Glocke mit Krone darunter silbernes Arkadenfragment, hinten silberne zum Handschlag verschr\u00e4nkte H\u00e4nde darunter goldenes Arkadenfragment.<br><br><\/p>\n\n\n\n<p><strong><u>WAPPENBEGR\u00dcNDUNG:<\/u><\/strong><\/p>\n\n\n\n<p>Euscheid leitet sich namentlich von Rodungen im Eichenwald ab, welche im 12. und 13. Jahrhundert stattfanden. Daher ist redend mittig eine stilisierte Eiche mit Fruchtst\u00e4nden dargestellt. Im Ortskern selbst wachsen noch Eichen, mit denen sich die Bewohner identifizieren. Vorn befindet sich eine Kirchenglocke mit Krone, welche aus dem Gel\u00e4ut der Kirche in L\u00fcnebach stammt, und aufgest\u00e4ndert von den B\u00fcrgern mit Hilfe eines eigens gegr\u00fcndeten Vereins funktionst\u00fcchtig gepflegt wird. Hinten symbolisieren zwei ineinander verschr\u00e4nke H\u00e4nde die Fairness der Handwerksbetriebe, den fairen Sport des Fu\u00dfballvereins Rasenhobel und das faire gemeindliche Leben im Ort. Die jeweils darunter dargestellten Arkadenfragmente verbinden sich dem Betrachter optisch zur Gesamtheit des ehemaligen Eisenbahnviaduktes, welches in seiner filigranen architektonischen Auspr\u00e4gung gewisserma\u00dfen das Tor von und nach Euscheid bildet. Die wappenbedingte Unterbrechung des Viaduktes betont die Au\u00dferkraftsetzung durch den R\u00fcckbau der Eisenbahntrasse hin zu einem stark frequentierten Rad- und Wanderweg.<\/p>\n\n\n\n<p>Obschon das Viadukt auf der Gemarkung des Nachbarortes Strickscheid liegt, ist es aus der visuellen Wahrnehmung der Bewohner von Euscheid nicht wegzudenken.<br><br><\/p>\n\n\n\n<p><\/p>\n\n\n\n<p><strong><u>ENTWURF, ZEICHNUNG UND TEXT:<\/u><\/strong><\/p>\n\n\n\n<p>Thilo Stobbe, Manderscheid<\/p>\n","protected":false},"excerpt":{"rendered":"<p>BLASONIERUNG: Gespalten von Gr\u00fcn und Blau durch eingeschweifte silberne Spitze, darin enthalten rote Eiche mit schwarzen Fruchtst\u00e4nden, vorn goldene Glocke mit Krone darunter silbernes Arkadenfragment, hinten silberne zum Handschlag verschr\u00e4nkte H\u00e4nde darunter goldenes Arkadenfragment. WAPPENBEGR\u00dcNDUNG: Euscheid leitet sich namentlich von<\/p>\n","protected":false},"author":1,"featured_media":0,"parent":0,"menu_order":0,"comment_status":"closed","ping_status":"closed","template":"","meta":{"footnotes":""},"class_list":["post-91","page","type-page","status-publish","hentry"],"_links":{"self":[{"href":"http:\/\/www.euscheid.de\/index.php?rest_route=\/wp\/v2\/pages\/91","targetHints":{"allow":["GET"]}}],"collection":[{"href":"http:\/\/www.euscheid.de\/index.php?rest_route=\/wp\/v2\/pages"}],"about":[{"href":"http:\/\/www.euscheid.de\/index.php?rest_route=\/wp\/v2\/types\/page"}],"author":[{"embeddable":true,"href":"http:\/\/www.euscheid.de\/index.php?rest_route=\/wp\/v2\/users\/1"}],"replies":[{"embeddable":true,"href":"http:\/\/www.euscheid.de\/index.php?rest_route=%2Fwp%2Fv2%2Fcomments&post=91"}],"version-history":[{"count":8,"href":"http:\/\/www.euscheid.de\/index.php?rest_route=\/wp\/v2\/pages\/91\/revisions"}],"predecessor-version":[{"id":101,"href":"http:\/\/www.euscheid.de\/index.php?rest_route=\/wp\/v2\/pages\/91\/revisions\/101"}],"wp:attachment":[{"href":"http:\/\/www.euscheid.de\/index.php?rest_route=%2Fwp%2Fv2%2Fmedia&parent=91"}],"curies":[{"name":"wp","href":"https:\/\/api.w.org\/{rel}","templated":true}]}}